{"id":1274,"date":"2025-11-11T03:54:50","date_gmt":"2025-11-11T03:54:50","guid":{"rendered":"https:\/\/singaporeproaudio.com\/php1\/?post_type=product&#038;p=1274"},"modified":"2025-11-11T03:55:29","modified_gmt":"2025-11-11T03:55:29","slug":"rode-wireless-me-compact-wireless-microphone-system","status":"publish","type":"product","link":"https:\/\/singaporeproaudio.com\/php1\/product\/rode-wireless-me-compact-wireless-microphone-system\/","title":{"rendered":"Rode Wireless ME Compact Wireless Microphone System"},"content":{"rendered":"<div class=\"product-description-container\">\n<div class=\"rte rte--spread-out product-description\">\n<p>The Wireless ME is an ultra-compact wireless microphone system that makes recording professional audio for your videos effortless. Featuring the same iconic, pocket-sized form factor as the original Wireless GO and Wireless GO II, with innovative features like GainAssist, a high-quality microphone built into both the transmitter and receiver, complete compatibility with cameras, computers and smartphones, the Wireless ME is the perfect wireless companion for content creation, interviewing, reporting, presenting, filmmaking and much more.<\/p>\n<p>Features:<\/p>\n<ul>\n<li>Ultra-compact and easy-to-use wireless microphone system<\/li>\n<li>Series IV 2.4 GHz digital transmission for crystal-clear recording with over 100m range<\/li>\n<li>High-quality microphones built into both the transmitter and receiver<\/li>\n<li>Intelligent GainAssist technology automatically controls audio levels for perfectly clear sound in any application<\/li>\n<li>Works seamlessly with cameras, computers, and iPhones or Android smartphones<\/li>\n<li>In-built rechargeable lithium-ion battery \u2013 up to 7 hours battery life<\/li>\n<li>Compatible with R\u00d8DE video and audio apps, including R\u00d8DE Capture, R\u00d8DE Connect and R\u00d8DE Reporter<\/li>\n<li>Ability to connect an additional transmitter for capturing three microphones simultaneously<\/li>\n<li>Compatible with all R\u00d8DE Series IV devices, including the Wireless GO II, Wireless PRO, R\u00d8DECaster Duo, R\u00d8DECaster Pro II and Streamer X<\/li>\n<li>All required cables and accessories included \u2013 no additional gear needed<\/li>\n<li>Designed and made in R\u00d8DE\u2019s state-of-the-art manufacturing facilities in Sydney, Australia<\/li>\n<\/ul>\n<\/div>\n<\/div>\n<div class=\"product-specifications-container\">\n<p class=\"anchor-target\" data-value=\"specifications\">\n<h4 class=\"product-description-heading product-description__sub-header\">Specifications<\/h4>\n<table class=\"product-description__specs unstriped\">\n<tbody>\n<tr>\n<td>Acoustic Principle<\/td>\n<td>Pre-polarised pressure transducer<\/td>\n<\/tr>\n<tr>\n<td>Polar Pattern<\/td>\n<td>Omnidirectional<\/td>\n<\/tr>\n<tr>\n<td>Frequency Range<\/td>\n<td>20 Hz \u2013 20 kHz<\/td>\n<\/tr>\n<tr>\n<td>Maximum SPL<\/td>\n<td>122dB SPL<\/td>\n<\/tr>\n<tr>\n<td>Equivalent Noise<\/td>\n<td>22 dBA<\/td>\n<\/tr>\n<tr>\n<td>Analog Inputs<\/td>\n<td>TRS (lavalier microphone Input)<\/td>\n<\/tr>\n<tr>\n<td>Output Connection<\/td>\n<td>3.5mm TRS USB-C<\/td>\n<\/tr>\n<tr>\n<td>Computer Connectivity<\/td>\n<td>USB-C<\/td>\n<\/tr>\n<tr>\n<td>Bit Depth<\/td>\n<td>24-bit<\/td>\n<\/tr>\n<tr>\n<td>Sample Rate<\/td>\n<td>48 kHz<\/td>\n<\/tr>\n<tr>\n<td>Operating Hours<\/td>\n<td>7 hours<\/td>\n<\/tr>\n<tr>\n<td>Transmissions Range<\/td>\n<td>100m<\/td>\n<\/tr>\n<tr>\n<td>System Requirements<\/td>\n<td>macOS 10.15 above, Windows 10 and above, iOS 14, Android 11<\/td>\n<\/tr>\n<tr>\n<td>Power Requirements<\/td>\n<td>In-built rechargeable lithium-ion battery charged via 5V USB<\/td>\n<\/tr>\n<tr>\n<td>Includes<\/td>\n<td>One &#8211; Transmitter, One &#8211; Receiver, One &#8211; 3.5mm SC7 Cable, One &#8211; 3.5 SC2 Cable, One &#8211; SC21 Cable, One &#8211; SC22 Cable, Two &#8211; Furry Windshield, One &#8211; Carry Pouch<\/td>\n<\/tr>\n<\/tbody>\n<\/table>\n<\/div>\n","protected":false},"excerpt":{"rendered":"<p>The Wireless ME is an ultra-compact wireless microphone system that makes recording professional audio for your videos effortless. Featuring the same iconic, pocket-sized form factor as the original Wireless GO and Wireless GO II, with innovative features like GainAssist, a high-quality microphone built into both the transmitter and receiver, complete compatibility with cameras, computers and [&hellip;]<\/p>\n","protected":false},"featured_media":1319,"template":"","meta":[],"product_brand":[45],"product_cat":[21,31,54],"product_tag":[],"class_list":{"0":"post-1274","1":"product","2":"type-product","3":"status-publish","4":"has-post-thumbnail","6":"product_brand-rode-microphone","7":"product_cat-all-products","8":"product_cat-microphones","9":"product_cat-wireless-microphones","11":"first","12":"instock","13":"shipping-taxable","14":"purchasable","15":"product-type-simple"},"aioseo_notices":[],"_links":{"self":[{"href":"https:\/\/singaporeproaudio.com\/php1\/wp-json\/wp\/v2\/product\/1274","targetHints":{"allow":["GET"]}}],"collection":[{"href":"https:\/\/singaporeproaudio.com\/php1\/wp-json\/wp\/v2\/product"}],"about":[{"href":"https:\/\/singaporeproaudio.com\/php1\/wp-json\/wp\/v2\/types\/product"}],"wp:featuredmedia":[{"embeddable":true,"href":"https:\/\/singaporeproaudio.com\/php1\/wp-json\/wp\/v2\/media\/1319"}],"wp:attachment":[{"href":"https:\/\/singaporeproaudio.com\/php1\/wp-json\/wp\/v2\/media?parent=1274"}],"wp:term":[{"taxonomy":"product_brand","embeddable":true,"href":"https:\/\/singaporeproaudio.com\/php1\/wp-json\/wp\/v2\/product_brand?post=1274"},{"taxonomy":"product_cat","embeddable":true,"href":"https:\/\/singaporeproaudio.com\/php1\/wp-json\/wp\/v2\/product_cat?post=1274"},{"taxonomy":"product_tag","embeddable":true,"href":"https:\/\/singaporeproaudio.com\/php1\/wp-json\/wp\/v2\/product_tag?post=1274"}],"curies":[{"name":"wp","href":"https:\/\/api.w.org\/{rel}","templated":true}]}}