{"id":1290,"date":"2025-11-11T03:55:11","date_gmt":"2025-11-11T03:55:11","guid":{"rendered":"https:\/\/singaporeproaudio.com\/php1\/?post_type=product&#038;p=1290"},"modified":"2025-11-11T03:55:30","modified_gmt":"2025-11-11T03:55:30","slug":"rode-wireless-pro-compact-wireless-microphone-system","status":"publish","type":"product","link":"https:\/\/singaporeproaudio.com\/php1\/product\/rode-wireless-pro-compact-wireless-microphone-system\/","title":{"rendered":"Rode Wireless PRO Compact Wireless Microphone System"},"content":{"rendered":"<div class=\"product-description-container\">\n<div class=\"rte rte--spread-out product-description\">\n<p>The Wireless PRO is the ultimate wireless microphone, packed full of powerful features that offer incredible flexibility for recording pristine audio for your content. Never lose a take with 32-bit float on-board recording, keep all your video and audio flawlessly synchronised with timecode, and capture incredible-sounding content effortlessly with intelligent GainAssist technology. The Wireless PRO delivers everything you could possibly want from a compact wireless microphone system and much more.<\/p>\n<p>Features:<\/p>\n<ul>\n<li>Dual-channel compact wireless microphone system<\/li>\n<li>R\u00d8DE\u2019s state-of-the-art Series IV 2.4 GHz digital transmission with 128-bit encryption for crystal-clear, incredibly stable audio with a range of up to 260m<\/li>\n<li>Universal compatibility with cameras, smartphones and computers<\/li>\n<li>32-bit float on-board recording for recovering clipped or quiet audio files<\/li>\n<li>Timecode capabilities for quick-and-easy audio sync in post-production<\/li>\n<li>Intelligent GainAssist technology, flexible output gain control and safety channel for ensuring pristine audio when recording directly to camera<\/li>\n<li>32GB internal memory per transmitter for over 40 hours of onboard recording time<\/li>\n<li>Locking 3.5mm TRS connectors for complete security<\/li>\n<li>Headphone monitoring with onboard level control<\/li>\n<li>Plug-in power detection for extended battery life<\/li>\n<li>Complete accessory kit, including a smart charging case, two Lavalier II microphones, cables, MagClip GO magnetic mounting clips and accessory case<\/li>\n<li>Easy configuration on a computer or smartphone via R\u00d8DE Central<\/li>\n<li>Compatible with all R\u00d8DE Series IV devices, including the Wireless ME, Wireless GO II, R\u00d8DECaster Duo, R\u00d8DECaster Pro II and Streamer X<\/li>\n<li>Designed and made in R\u00d8DE\u2019s precision facilities in Sydney, Australia<\/li>\n<\/ul>\n<\/div>\n<\/div>\n<div class=\"product-specifications-container\">\n<p class=\"anchor-target\" data-value=\"specifications\">\n<h4 class=\"product-description-heading product-description__sub-header\">Specifications<\/h4>\n<table class=\"product-description__specs unstriped\">\n<tbody>\n<tr>\n<td>Acoustic Principle<\/td>\n<td>Pre-polarised pressure transducer<\/td>\n<\/tr>\n<tr>\n<td>Polar Pattern<\/td>\n<td>Omnidirectional<\/td>\n<\/tr>\n<tr>\n<td>Frequency Range<\/td>\n<td>20 Hz \u2013 20 kHz<\/td>\n<\/tr>\n<tr>\n<td>Maximum SPL<\/td>\n<td>123.5 dB SPL<\/td>\n<\/tr>\n<tr>\n<td>Equivalent Noise<\/td>\n<td>22 dBA<\/td>\n<\/tr>\n<tr>\n<td>Signal-to-Noise Ratio<\/td>\n<td>72 dB<\/td>\n<\/tr>\n<tr>\n<td>Analog Inputs<\/td>\n<td>3.5mm locking TRS (TX)<\/td>\n<\/tr>\n<tr>\n<td>Analog Outputs<\/td>\n<td>3.5mm TRRS (RX)<\/td>\n<\/tr>\n<tr>\n<td>Transmission Range<\/td>\n<td>260m (line of sight)<\/td>\n<\/tr>\n<tr>\n<td>Digital Connectivity<\/td>\n<td>USB-C<\/td>\n<\/tr>\n<tr>\n<td>Operating Time<\/td>\n<td>Up to 7 hours<\/td>\n<\/tr>\n<tr>\n<td>System Requirements<\/td>\n<td>macOS 10.15 or above, Windows 10 and above, iOS 14 and above, Android 11 and above<\/td>\n<\/tr>\n<tr>\n<td>Power Requirments<\/td>\n<td>In-built rechargeable lithium-ion battery, charged via USB-C (5V, 0.4A)<\/td>\n<\/tr>\n<tr>\n<td>Includes<\/td>\n<td>Two &#8211; Transmitter, One &#8211; Receiver, One &#8211; Charge Case (PRO), One &#8211; Accessory Case, One &#8211; 3.5mm to 3.5mm SC2 Cable, One &#8211; Lightning to USB C SC21 Cable, One &#8211; USB C to USB C SC22 Cable, One &#8211; SC34 Cable, Two &#8211; Lavelier II, Two &#8211; MagClip Go, Three &#8211; Furry Mic Windshield<\/td>\n<\/tr>\n<\/tbody>\n<\/table>\n<\/div>\n","protected":false},"excerpt":{"rendered":"<p>The Wireless PRO is the ultimate wireless microphone, packed full of powerful features that offer incredible flexibility for recording pristine audio for your content. Never lose a take with 32-bit float on-board recording, keep all your video and audio flawlessly synchronised with timecode, and capture incredible-sounding content effortlessly with intelligent GainAssist technology. The Wireless PRO [&hellip;]<\/p>\n","protected":false},"featured_media":1320,"template":"","meta":[],"product_brand":[45],"product_cat":[21,31,54],"product_tag":[],"class_list":{"0":"post-1290","1":"product","2":"type-product","3":"status-publish","4":"has-post-thumbnail","6":"product_brand-rode-microphone","7":"product_cat-all-products","8":"product_cat-microphones","9":"product_cat-wireless-microphones","11":"first","12":"instock","13":"shipping-taxable","14":"purchasable","15":"product-type-simple"},"aioseo_notices":[],"_links":{"self":[{"href":"https:\/\/singaporeproaudio.com\/php1\/wp-json\/wp\/v2\/product\/1290","targetHints":{"allow":["GET"]}}],"collection":[{"href":"https:\/\/singaporeproaudio.com\/php1\/wp-json\/wp\/v2\/product"}],"about":[{"href":"https:\/\/singaporeproaudio.com\/php1\/wp-json\/wp\/v2\/types\/product"}],"wp:featuredmedia":[{"embeddable":true,"href":"https:\/\/singaporeproaudio.com\/php1\/wp-json\/wp\/v2\/media\/1320"}],"wp:attachment":[{"href":"https:\/\/singaporeproaudio.com\/php1\/wp-json\/wp\/v2\/media?parent=1290"}],"wp:term":[{"taxonomy":"product_brand","embeddable":true,"href":"https:\/\/singaporeproaudio.com\/php1\/wp-json\/wp\/v2\/product_brand?post=1290"},{"taxonomy":"product_cat","embeddable":true,"href":"https:\/\/singaporeproaudio.com\/php1\/wp-json\/wp\/v2\/product_cat?post=1290"},{"taxonomy":"product_tag","embeddable":true,"href":"https:\/\/singaporeproaudio.com\/php1\/wp-json\/wp\/v2\/product_tag?post=1290"}],"curies":[{"name":"wp","href":"https:\/\/api.w.org\/{rel}","templated":true}]}}