{"id":1292,"date":"2025-11-11T03:55:11","date_gmt":"2025-11-11T03:55:11","guid":{"rendered":"https:\/\/singaporeproaudio.com\/php1\/?post_type=product&#038;p=1292"},"modified":"2025-11-11T03:55:34","modified_gmt":"2025-11-11T03:55:34","slug":"rode-nt-usb-professional-usb-microphone-plus","status":"publish","type":"product","link":"https:\/\/singaporeproaudio.com\/php1\/product\/rode-nt-usb-professional-usb-microphone-plus\/","title":{"rendered":"Rode NT-USB+ Professional USB Microphone Plus"},"content":{"rendered":"<div class=\"product-description-container\">\n<div class=\"rte rte--spread-out product-description read-mode\">\n<p>The NT-USB+ is a professional USB microphone that makes capturing studio-quality sound super simple. Building on the legacy of the legendary NT-USB with next-generation features, it excels in a wide variety of applications, from recording music to podcasting and streaming. Delivering pristine audio quality with incredible ease of use and premium features, the NT-USB+ will have you sounding like a pro in seconds.<\/p>\n<p>Features:<\/p>\n<ul>\n<li>Professional USB microphone<\/li>\n<li>Studio-grade condenser capsule with tight cardioid polar pattern<\/li>\n<li>Ultra-low-noise, high-gain Revolution Preamp\u2122<\/li>\n<li>Powerful APHEX\u00ae audio processing accessible via R\u00d8DE Connect, R\u00d8DE Central and R\u00d8DE Reporter<\/li>\n<li>High-power headphone output with zero-latency monitoring and versatile controls<\/li>\n<li>USB-C connectivity with high-resolution analogue-digital conversion<\/li>\n<li>Detachable pop filter and desktop stand included<\/li>\n<li>Class-compliant USB output that works seamlessly with computers, smartphones and tablets (iOS and Android)<\/li>\n<li>Designed and made in R\u00d8DE&#8217;s state-of-the-art facilities in Sydney, Australia<\/li>\n<\/ul>\n<\/div>\n<\/div>\n<div class=\"product-specifications-container\">\n<p class=\"anchor-target\" data-value=\"specifications\">\n<h4 class=\"product-description-heading product-description__sub-header\">Specifications<\/h4>\n<table class=\"product-description__specs unstriped\">\n<tbody>\n<tr>\n<td>Polar Pattern<\/td>\n<td>Cardioid<\/td>\n<\/tr>\n<tr>\n<td>Frequency Range<\/td>\n<td>20Hz &#8211; 20kHz<\/td>\n<\/tr>\n<tr>\n<td>Output Connection<\/td>\n<td>3.5 mm headphone connection, USB-C connectivity<\/td>\n<\/tr>\n<tr>\n<td>Max. SPL<\/td>\n<td>118.0dB (as per IEC 60268)<\/td>\n<\/tr>\n<tr>\n<td>Acoustic Principle<\/td>\n<td>Pressure Gradient<\/td>\n<\/tr>\n<tr>\n<td>Power Requirements<\/td>\n<td>5V @ 500mA (USB Bus Power)<\/td>\n<\/tr>\n<tr>\n<td>Computer Connectivity<\/td>\n<td>USB-C<\/td>\n<\/tr>\n<tr>\n<td>Bit Depth<\/td>\n<td>24-bit<\/td>\n<\/tr>\n<tr>\n<td>Sampling Rate<\/td>\n<td>48 kHz<\/td>\n<\/tr>\n<tr>\n<td>Software Requirements<\/td>\n<td>Windows 10, MacOS 10.14, iOS 14, Android 11<\/td>\n<\/tr>\n<tr>\n<td>Includes<\/td>\n<td>1x NT-USB+, 1x Tripod, 1x Ring Mount, 1x Pop Filter<\/td>\n<\/tr>\n<tr>\n<td>Dimensions<\/td>\n<td>184 mm (L) x 62 mm (W) x 50 mm (D)<\/td>\n<\/tr>\n<tr>\n<td>Weight<\/td>\n<td>540 g (mic only), 730 g (mic with all accessories)<\/td>\n<\/tr>\n<\/tbody>\n<\/table>\n<\/div>\n","protected":false},"excerpt":{"rendered":"<p>The NT-USB+ is a professional USB microphone that makes capturing studio-quality sound super simple. Building on the legacy of the legendary NT-USB with next-generation features, it excels in a wide variety of applications, from recording music to podcasting and streaming. Delivering pristine audio quality with incredible ease of use and premium features, the NT-USB+ will [&hellip;]<\/p>\n","protected":false},"featured_media":1327,"template":"","meta":[],"product_brand":[45],"product_cat":[21,31,34],"product_tag":[],"class_list":{"0":"post-1292","1":"product","2":"type-product","3":"status-publish","4":"has-post-thumbnail","6":"product_brand-rode-microphone","7":"product_cat-all-products","8":"product_cat-microphones","9":"product_cat-usb-microphones","11":"first","12":"instock","13":"shipping-taxable","14":"purchasable","15":"product-type-simple"},"aioseo_notices":[],"_links":{"self":[{"href":"https:\/\/singaporeproaudio.com\/php1\/wp-json\/wp\/v2\/product\/1292","targetHints":{"allow":["GET"]}}],"collection":[{"href":"https:\/\/singaporeproaudio.com\/php1\/wp-json\/wp\/v2\/product"}],"about":[{"href":"https:\/\/singaporeproaudio.com\/php1\/wp-json\/wp\/v2\/types\/product"}],"wp:featuredmedia":[{"embeddable":true,"href":"https:\/\/singaporeproaudio.com\/php1\/wp-json\/wp\/v2\/media\/1327"}],"wp:attachment":[{"href":"https:\/\/singaporeproaudio.com\/php1\/wp-json\/wp\/v2\/media?parent=1292"}],"wp:term":[{"taxonomy":"product_brand","embeddable":true,"href":"https:\/\/singaporeproaudio.com\/php1\/wp-json\/wp\/v2\/product_brand?post=1292"},{"taxonomy":"product_cat","embeddable":true,"href":"https:\/\/singaporeproaudio.com\/php1\/wp-json\/wp\/v2\/product_cat?post=1292"},{"taxonomy":"product_tag","embeddable":true,"href":"https:\/\/singaporeproaudio.com\/php1\/wp-json\/wp\/v2\/product_tag?post=1292"}],"curies":[{"name":"wp","href":"https:\/\/api.w.org\/{rel}","templated":true}]}}