{"id":2134,"date":"2025-11-11T04:05:29","date_gmt":"2025-11-11T04:05:29","guid":{"rendered":"https:\/\/singaporeproaudio.com\/php1\/?post_type=product&#038;p=2134"},"modified":"2025-11-11T04:05:56","modified_gmt":"2025-11-11T04:05:56","slug":"audio-technica-bp3600-immersive-audio-microphone","status":"publish","type":"product","link":"https:\/\/singaporeproaudio.com\/php1\/product\/audio-technica-bp3600-immersive-audio-microphone\/","title":{"rendered":"Audio-Technica BP3600 Immersive Audio Microphone"},"content":{"rendered":"<p>The BP3600 is an immersive audio microphone capable of capturing stable, three-dimensional sound beds at sporting events, movie sets, concerts, festivals, and more.<\/p>\n<p>The microphone has eight compact capsule assemblies with excellent high-frequency characteristics integrated into the body while remaining compact enough for single-operator usability and easy setup.<\/p>\n<p>Direct routing is also possible, with no need for additional decoding or latency processing with 5.1.4-channel speaker layouts.<\/p>\n<p>This practical, state-of-the-art broadcasting solution captures a realistic sound that will bring an immersive experience to listeners without the need for extensive equipment.<\/p>\n<p><iframe title=\"\u30a4\u30de\u30fc\u30b7\u30d6\u30aa\u30fc\u30c7\u30a3\u30aa\u30de\u30a4\u30af\u30ed\u30db\u30f3\u3010BP3600\u3011\u81ea\u7136\u306a\u30a2\u30f3\u30d3\u30a8\u30f3\u30b9\u53ce\u97f3\u304c\u884c\u3048\u308b\u30de\u30a4\u30af\u30ed\u30db\u30f3\u3002\" data-src=\"https:\/\/www.youtube.com\/embed\/APeEG9eJOcg?feature=oembed\" width=\"1290\" height=\"726\" frameborder=\"0\" allowfullscreen=\"allowfullscreen\" data-mce-fragment=\"1\" src=\"data:image\/svg+xml;base64,PHN2ZyB3aWR0aD0iMSIgaGVpZ2h0PSIxIiB4bWxucz0iaHR0cDovL3d3dy53My5vcmcvMjAwMC9zdmciPjwvc3ZnPg==\" class=\"lazyload\" data-load-mode=\"1\"><\/iframe><\/p>\n<p>&nbsp;<\/p>\n<p>BP3600 Features:<\/p>\n<ul>\n<li>Stable, three-dimensional audio at sporting events, movie sets, concerts, festivals, and more<\/li>\n<li>Quick microphone assembly connection and disconnection for easy setup and dismantling<\/li>\n<li>Controlled separation to capture realistic environmental sounds<\/li>\n<li>Direct routing to 5.1.4-channel speaker layouts eliminates the need for additional decoding or delay processing during routing.<\/li>\n<li>Instant number- and color-based channel identification<\/li>\n<li>Microphone connector locks for quick, secure connection and disconnection<\/li>\n<li>Safety strap for drop-prevention wires when suspended<\/li>\n<li>Connectable grip-end cable with multi-pin output connector for easy portability<\/li>\n<li>Easy installation of included cables or extension cables (sold separately)<\/li>\n<li>Requires 48 VDC phantom power per channel<\/li>\n<li>Includes 8 sets AT8172 windscreens, AT8476 stand clamp, Threaded adapter, BP3600\/CABLE cable and Case<\/li>\n<li>Optional accessories \u2013 BP3600\/WS windshield, BP3600\/WJ windjammer, BP3600\/CABLE20EXT 20m extension cable<\/li>\n<\/ul>\n<p><em><strong>BP3600 Cable Specifications:<\/strong><\/em><\/p>\n<table class=\"table\">\n<tbody>\n<tr>\n<td class=\"txt\" valign=\"top\" nowrap=\"nowrap\">\n<div align=\"left\">Cable Outer Diameter<\/div>\n<\/td>\n<td>\n<div align=\"left\">11.5 mm<\/div>\n<\/td>\n<\/tr>\n<tr>\n<td class=\"txt\" valign=\"top\" nowrap=\"nowrap\">\n<div align=\"left\">Input Connections<\/div>\n<\/td>\n<td>\n<div align=\"left\">16-pin LEMO 2B series connector (male)<\/div>\n<\/td>\n<\/tr>\n<tr>\n<td class=\"txt\" valign=\"top\" nowrap=\"nowrap\">\n<div align=\"left\">Output Connector<\/div>\n<\/td>\n<td>\n<div align=\"left\">XLR-M type\u00d78<\/div>\n<\/td>\n<\/tr>\n<tr>\n<td class=\"txt\" valign=\"top\" nowrap=\"nowrap\">\n<div align=\"left\">Dimensions<\/div>\n<\/td>\n<td>\n<div align=\"left\">5 m length<\/div>\n<\/td>\n<\/tr>\n<tr>\n<td class=\"txt\" valign=\"top\" nowrap=\"nowrap\">\n<div align=\"left\">Weight<\/div>\n<\/td>\n<td>\n<div align=\"left\">1.2 kg<\/div>\n<\/td>\n<\/tr>\n<\/tbody>\n<\/table>\n<p>&nbsp;<\/p>\n<p><em><strong>BP3600 Specifications:<\/strong><\/em><\/p>\n<table class=\"woocommerce-product-attributes shop_attributes\">\n<tbody>\n<tr class=\"woocommerce-product-attributes-item woocommerce-product-attributes-item--attribute_element\">\n<th class=\"woocommerce-product-attributes-item__label\">Element<\/th>\n<td class=\"woocommerce-product-attributes-item__value\">Fixed-charge back plate permanently polarized condenser<\/td>\n<\/tr>\n<tr class=\"woocommerce-product-attributes-item woocommerce-product-attributes-item--attribute_polar-pattern\">\n<th class=\"woocommerce-product-attributes-item__label\">Polar Pattern<\/th>\n<td class=\"woocommerce-product-attributes-item__value\">Hypercardioid<\/td>\n<\/tr>\n<tr class=\"woocommerce-product-attributes-item woocommerce-product-attributes-item--attribute_frequency-response\">\n<th class=\"woocommerce-product-attributes-item__label\">Frequency Response<\/th>\n<td class=\"woocommerce-product-attributes-item__value\">40 ~ 20,000 Hz<\/td>\n<\/tr>\n<tr class=\"woocommerce-product-attributes-item woocommerce-product-attributes-item--attribute_open-circuit-sensitivity\">\n<th class=\"woocommerce-product-attributes-item__label\">Open Circuit Sensitivity<\/th>\n<td class=\"woocommerce-product-attributes-item__value\">-41 dB (8.9 mV) re 1V at 1 Pa<\/td>\n<\/tr>\n<tr class=\"woocommerce-product-attributes-item woocommerce-product-attributes-item--attribute_impedance\">\n<th class=\"woocommerce-product-attributes-item__label\">Impedance<\/th>\n<td class=\"woocommerce-product-attributes-item__value\">70 \u03a9<\/td>\n<\/tr>\n<tr class=\"woocommerce-product-attributes-item woocommerce-product-attributes-item--attribute_maximum-input-sound-level\">\n<th class=\"woocommerce-product-attributes-item__label\">Maximum Input Sound Level<\/th>\n<td class=\"woocommerce-product-attributes-item__value\">144 dB SPL (1 kHz at 1% THD)<\/td>\n<\/tr>\n<tr class=\"woocommerce-product-attributes-item woocommerce-product-attributes-item--attribute_dynamic-range-typical\">\n<th class=\"woocommerce-product-attributes-item__label\">Dynamic Range (Typical)<\/th>\n<td class=\"woocommerce-product-attributes-item__value\">121 dB, 1 kHz at Max SPL<\/td>\n<\/tr>\n<tr class=\"woocommerce-product-attributes-item woocommerce-product-attributes-item--attribute_signal-to-noise-ratio\">\n<th class=\"woocommerce-product-attributes-item__label\">Signal-To-Noise Ratio<\/th>\n<td class=\"woocommerce-product-attributes-item__value\">71 dB (1 kHz at 1 Pa, A-weighted)<\/td>\n<\/tr>\n<tr class=\"woocommerce-product-attributes-item woocommerce-product-attributes-item--attribute_phantom-power\">\n<th class=\"woocommerce-product-attributes-item__label\">Phantom Power<\/th>\n<td class=\"woocommerce-product-attributes-item__value\">48V DC, 4 mA<\/td>\n<\/tr>\n<tr class=\"woocommerce-product-attributes-item woocommerce-product-attributes-item--attribute_number-of-channels\">\n<th class=\"woocommerce-product-attributes-item__label\">Number of Channels<\/th>\n<td class=\"woocommerce-product-attributes-item__value\">8<\/td>\n<\/tr>\n<tr class=\"woocommerce-product-attributes-item woocommerce-product-attributes-item--attribute_weight\">\n<th class=\"woocommerce-product-attributes-item__label\">Weight<\/th>\n<td class=\"woocommerce-product-attributes-item__value\">656g<\/td>\n<\/tr>\n<tr class=\"woocommerce-product-attributes-item woocommerce-product-attributes-item--attribute_dimensions\">\n<th class=\"woocommerce-product-attributes-item__label\">Dimensions<\/th>\n<td class=\"woocommerce-product-attributes-item__value\">160.4 mm \u00d7 160.4 mm \u00d7 217.7 mm (W\u00d7D\u00d7H)<\/td>\n<\/tr>\n<tr class=\"woocommerce-product-attributes-item woocommerce-product-attributes-item--attribute_output-connector\">\n<th class=\"woocommerce-product-attributes-item__label\">Output Connector<\/th>\n<td class=\"woocommerce-product-attributes-item__value\">16-pin LEMO 2B series connector (female)<\/td>\n<\/tr>\n<tr class=\"woocommerce-product-attributes-item woocommerce-product-attributes-item--attribute_accessories-furnished\">\n<th class=\"woocommerce-product-attributes-item__label\">Accessories Furnished<\/th>\n<td class=\"woocommerce-product-attributes-item__value\">AT8476 stand clamp for \u215d-27 threaded stands (Mounted on the core body);<br \/>\n\u215d-27 to \u215c-16 threaded adapter;<br \/>\nAT8172 windscreen\u00d78;<br \/>\nCase<\/td>\n<\/tr>\n<tr class=\"woocommerce-product-attributes-item woocommerce-product-attributes-item--attribute_accessories-optional\">\n<th class=\"woocommerce-product-attributes-item__label\">Accessories (Optional)<\/th>\n<td class=\"woocommerce-product-attributes-item__value\">BP3600\/WS windshield;<br \/>\nBP3600\/WJ windjammer;<br \/>\nBP3600\/CABLE20EXT 20m extension cable<\/td>\n<\/tr>\n<\/tbody>\n<\/table>\n","protected":false},"excerpt":{"rendered":"<p>Compact, Lightweight Design for natural-sounding recordings<\/p>\n","protected":false},"featured_media":2180,"template":"","meta":[],"product_brand":[102],"product_cat":[21,31],"product_tag":[],"class_list":{"0":"post-2134","1":"product","2":"type-product","3":"status-publish","4":"has-post-thumbnail","6":"product_brand-audio-technica","7":"product_cat-all-products","8":"product_cat-microphones","10":"first","11":"instock","12":"shipping-taxable","13":"purchasable","14":"product-type-simple"},"aioseo_notices":[],"_links":{"self":[{"href":"https:\/\/singaporeproaudio.com\/php1\/wp-json\/wp\/v2\/product\/2134","targetHints":{"allow":["GET"]}}],"collection":[{"href":"https:\/\/singaporeproaudio.com\/php1\/wp-json\/wp\/v2\/product"}],"about":[{"href":"https:\/\/singaporeproaudio.com\/php1\/wp-json\/wp\/v2\/types\/product"}],"wp:featuredmedia":[{"embeddable":true,"href":"https:\/\/singaporeproaudio.com\/php1\/wp-json\/wp\/v2\/media\/2180"}],"wp:attachment":[{"href":"https:\/\/singaporeproaudio.com\/php1\/wp-json\/wp\/v2\/media?parent=2134"}],"wp:term":[{"taxonomy":"product_brand","embeddable":true,"href":"https:\/\/singaporeproaudio.com\/php1\/wp-json\/wp\/v2\/product_brand?post=2134"},{"taxonomy":"product_cat","embeddable":true,"href":"https:\/\/singaporeproaudio.com\/php1\/wp-json\/wp\/v2\/product_cat?post=2134"},{"taxonomy":"product_tag","embeddable":true,"href":"https:\/\/singaporeproaudio.com\/php1\/wp-json\/wp\/v2\/product_tag?post=2134"}],"curies":[{"name":"wp","href":"https:\/\/api.w.org\/{rel}","templated":true}]}}