{"id":5429,"date":"2025-11-11T05:19:51","date_gmt":"2025-11-11T05:19:51","guid":{"rendered":"https:\/\/singaporeproaudio.com\/php1\/?post_type=product&#038;p=5429"},"modified":"2025-11-11T05:19:59","modified_gmt":"2025-11-11T05:19:59","slug":"rode-ai-micro-ultracompact-2x2-usb-type-c-audio-interface","status":"publish","type":"product","link":"https:\/\/singaporeproaudio.com\/php1\/product\/rode-ai-micro-ultracompact-2x2-usb-type-c-audio-interface\/","title":{"rendered":"Rode AI-Micro Ultracompact 2&#215;2 USB Type-C Audio Interface"},"content":{"rendered":"<ul id=\"product-tabs\" class=\"uk-switcher uk-margin\">\n<li id=\"hikashop_show_tabular_description\" class=\"uk-active\" aria-hidden=\"false\">\n<div id=\"hikashop_product_description_main\" class=\"hikashop_product_description_main\">\n<p>AI-Micro<br \/>\nCompact Audio Interface<br \/>\nThe AI-Micro is an ultra-compact dual-channel interface for recording high-quality audio to a mobile device or computer. Featuring two auto-sensing inputs for connecting virtually any microphone with a 3.5mm output, headphone monitoring, a universal USB output for use with smartphones, tablets and computers, and compatibility with R\u00d8DE apps for supercharged sound, the AI-Micro allows you to record without limits.<\/p>\n<p>Key Features:<\/p>\n<p>Ultra-compact dual-channel audio interface for computers and mobile devices<\/p>\n<p>Compatible with virtually any microphone with a 3.5mm output, including R\u00d8DE VideoMics, lavaliers, wireless systems and stereo microphones\u200b<\/p>\n<p>Auto-sensing inputs for connecting TRS or TRRS microphones<\/p>\n<p>High-quality headphone output for zero-latency audio monitoring and playback<\/p>\n<p>Connects seamlessly to computers, smartphones and tablets via the universal USB output (USB-A, USB-C and Lightning cables supplied)<\/p>\n<p>Compatible with the R\u00d8DE app suite for expanded features and functionality, on-the-go configuration and broadcast-quality recording on any device<\/p>\n<p>Incredible Audio, Anywhere<br \/>\nThe AI-Micro allows you to capture high-quality audio on your mobile or computer with ease. It features two 3.5mm inputs for connecting a wide range of microphones, including R\u00d8DE VideoMics, lavaliers, wireless systems like the Wireless GO. These are auto-sensing inputs that detect whether a TRS or TRRS microphone is connected and automatically adapt to accommodate \u2013 no adaptors needed. Input 1 can also be configured as a single stereo TRS input for use with stereo microphones.<\/p>\n<p>High-quality microphone preamps and high-resolution (24-bit\/48kHz) recording ensure crystal-clear audio capture on any device, with a headphone output for echo-free audio monitoring and playback. Whether you&#8217;re interviewing, podcasting, presenting, or livestreaming, record incredible audio anywhere with the AI-Micro.<\/p>\n<p>Universal Compatibility With All Your Devices<br \/>\nThe AI-Micro can connect seamlessly to all your devices via its universal USB output. It is supplied with USB-A, USB-C and Lightning cables, so you can get recording instantly, and is plug-and-play compatible with Mac, Windows, iOS and Android devices. Portable recording has never been easier.<\/p>\n<p>Pocket-sized Portability<br \/>\nWeighing less than 20 grams, the AI-Micro is extremely compact and lightweight. Just add two lavalier microphones and you have a complete, studio-quality recording setup that fits in your pocket. Perfect for interviewing in the field, on-the-go podcasting, and making video calls or livestreaming at home.<\/p>\n<p>AI-Micro User Guide<br \/>\nThe AI-Micro User Guide explains everything you need to know about using your AI-Micro. This comprehensive guide covers everything from getting started through to updating device firmware and how to access expanded features and functionality with the R\u00d8DE app suite, including R\u00d8DE Connect, R\u00d8DE Reporter and R\u00d8DE Central.<\/p>\n<p>Supercharge Your Microphone<br \/>\nThe AI-Micro is compatible with the entire R\u00d8DE app suite, giving you access to expanded features<br \/>\nand functionality, on-the-go configuration, broadcast-quality recording on any device.<\/p>\n<p>&nbsp;<\/p>\n<p><strong>In the Box:<\/strong><\/p>\n<p>Rode AI-Micro Ultracompact 2&#215;2 USB Type-C Audio Interface<br \/>\nSC21 USB Type-C to Lightning Cable (11.8&#8243;)<br \/>\nSC22 USB Type-C to USB Type-C Cable (11.8&#8243;)<br \/>\nSC23 USB Type-C to USB Type-A Cable (11.8&#8243;)<\/p>\n<\/div>\n<\/li>\n<\/ul>\n","protected":false},"excerpt":{"rendered":"<p><span class=\"uk-text-bold\">Key Features:<\/span><\/p>\n<ul class=\"ul5921 uk-margin-remove\">\n<li>Podcasters, Interviewers, Content Makers<\/li>\n<li>Connect Lightning, USB Type-A, and USB-C<\/li>\n<li>2 Auto-Sensing TRS\/TRRS Mic Inputs<\/li>\n<li class=\"hide5921\" aria-hidden=\"true\">1 Headphone Output<\/li>\n<li class=\"hide5921\" aria-hidden=\"true\">Up to 24-Bit \/ 48 kHz Resolution<\/li>\n<li class=\"hide5921\" aria-hidden=\"true\">Bus Powered \/ Mac, Windows, iOS, Android<\/li>\n<li class=\"hide5921\" aria-hidden=\"true\">Zero-Latency Monitoring<\/li>\n<li class=\"hide5921\" aria-hidden=\"true\">Expanded Functionality via Rode Apps<\/li>\n<li class=\"hide5921\" aria-hidden=\"true\">Ultracompact and Portable Form Factor<\/li>\n<\/ul>\n","protected":false},"featured_media":5459,"template":"","meta":[],"product_brand":[45],"product_cat":[21],"product_tag":[],"class_list":{"0":"post-5429","1":"product","2":"type-product","3":"status-publish","4":"has-post-thumbnail","6":"product_brand-rode-microphone","7":"product_cat-all-products","9":"first","10":"instock","11":"shipping-taxable","12":"purchasable","13":"product-type-simple"},"aioseo_notices":[],"_links":{"self":[{"href":"https:\/\/singaporeproaudio.com\/php1\/wp-json\/wp\/v2\/product\/5429","targetHints":{"allow":["GET"]}}],"collection":[{"href":"https:\/\/singaporeproaudio.com\/php1\/wp-json\/wp\/v2\/product"}],"about":[{"href":"https:\/\/singaporeproaudio.com\/php1\/wp-json\/wp\/v2\/types\/product"}],"wp:featuredmedia":[{"embeddable":true,"href":"https:\/\/singaporeproaudio.com\/php1\/wp-json\/wp\/v2\/media\/5459"}],"wp:attachment":[{"href":"https:\/\/singaporeproaudio.com\/php1\/wp-json\/wp\/v2\/media?parent=5429"}],"wp:term":[{"taxonomy":"product_brand","embeddable":true,"href":"https:\/\/singaporeproaudio.com\/php1\/wp-json\/wp\/v2\/product_brand?post=5429"},{"taxonomy":"product_cat","embeddable":true,"href":"https:\/\/singaporeproaudio.com\/php1\/wp-json\/wp\/v2\/product_cat?post=5429"},{"taxonomy":"product_tag","embeddable":true,"href":"https:\/\/singaporeproaudio.com\/php1\/wp-json\/wp\/v2\/product_tag?post=5429"}],"curies":[{"name":"wp","href":"https:\/\/api.w.org\/{rel}","templated":true}]}}