{"id":9152,"date":"2025-11-11T06:52:12","date_gmt":"2025-11-11T06:52:12","guid":{"rendered":"https:\/\/singaporeproaudio.com\/php1\/?post_type=product&#038;p=9152"},"modified":"2025-11-11T06:53:59","modified_gmt":"2025-11-11T06:53:59","slug":"tascam-cg-1000","status":"publish","type":"product","link":"https:\/\/singaporeproaudio.com\/php1\/product\/tascam-cg-1000\/","title":{"rendered":"Tascam CG-1000"},"content":{"rendered":"<div id=\"Description\" class=\"txt_info_view_product\">\n<h2>DESCRIPTION<\/h2>\n<p>The CG-1000 is a master clock generator based on a high-precision OCXO \u2013 Oven Controlled Crystal Oscillator \u2013 with jitter management and glitch-free relocking for the best clock precision available, ideal for recording studios, sound engineers and musicians<\/p>\n<p>&nbsp;<\/p>\n<p><strong>The internal clock employs the high-precision OCXO that is not impacted by environment temperature<\/strong><\/p>\n<p>The CG-1000 employs a high-precision OCXO (oven-controlled crystal oscillator) that boasts a clock frequency precision of \u00b10.01ppm*1 and a frequency stability of \u00b10.005ppm per day. The jitter management circuit developed by TASCAM reduces external clock jitters, enabling a stable clock signal to video and word outputs. A glitch-free relock circuit maintains a sustained clock phase even during clock dropouts and recovery, thus effectively preventing noise and skipping from occurring, delivering high reliability and stability to users.<\/p>\n<p><small>*1 The numerical value at the time of factory loading.<\/small><\/p>\n<p>&nbsp;<\/p>\n<p><strong>Input connector that supports 10MHz signal \u2013 allowing the creation of systems with even higher precision<\/strong><\/p>\n<div class=\"text-block\">An external input connector that supports a 10MHz signal enables the CG-1000 to be connected to a rubidium clock or GPS clock for even higher precision.<\/div>\n<div class=\"text-block\"><\/div>\n<p><strong>Designed for High Reliability and Dependable Stability<\/strong><\/p>\n<p>External clock jitter is reduced using an original TASCAM circuit design that incorporates featuring an FPGA (Field Programmable Gate Array) and a PLL (phase-locked loop) circuit with a discrete filter.This enables a stable clock signal to be provided to the word outputs, improving system stability.<\/p>\n<p>&nbsp;<\/p>\n<p><strong>Glitch-free relocking circuit prevents noise and skipping during clock dropouts and recovery<\/strong><\/p>\n<div class=\"block-body\">\n<div class=\"text-block\">The CG-1000 constantly measures the external reference clock. In devices that do not have built-in countermeasures, and the master clock signal drops out, sound might skip during the dropout &#8211; and again during recovery.In the CG-1000, if the clock drops out, a substitute reference clock signal is maintained with a high-performance holdover.So, restoration of synchronization to the reference signal can occur without glitches &#8211; preventing audio noise and skipping sounds when recovering from a dropout.<\/div>\n<\/div>\n<h4><strong>Features<\/strong><\/h4>\n<ul>\n<li>Internal clock uses a high-precision OCXO (oven-controlled crystal oscillator) that is not influenced by the temperature of the environment<\/li>\n<li>External input connector that supports 10MHz, allowing creation of systems with even higher precision<\/li>\n<li>Jitter management circuit provides stable clock<\/li>\n<li>Glitch-free relocking circuit prevents noise and skipping during clock dropouts and recovery<\/li>\n<li>Numerous output connectors, including (12) word clock outputs, enabling the use in large-scale audio synchronization systems<\/li>\n<li>AES3 and AES11 signals can also be used for external master clock input sources<\/li>\n<li>Analyzer function that can measure input frequencies<\/li>\n<li>Optimal levels can be provided to other devices by adjusting wordclock output levels<\/li>\n<li>Self-calibration function using an external oscillator (Atomic\/GPS 10MHz, GPS PPS)*Use of the self-calibration function requires the use of a separate PPS-output 10MHz oscillator with a built-in GPS antenna<\/li>\n<li>Word clock performance up to 192 kHz<\/li>\n<li>Up to (4) system settings can be saved to buttons for recall, and saved settings can be imported and exported via USB<\/li>\n<li>Durable nut-coupling BNC connectors made by Amphenol<\/li>\n<li>Independent circuit boards for each connector prevents contact failures due to twisting<\/li>\n<li>Three-prong IEC power cable included<\/li>\n<li>Panel-lock switch can be used to prevent inadvertent changes to unit operation<\/li>\n<li>128&#215;64-pixel organic EL display with a wide viewing angle<\/li>\n<li>Firmware updates possible using the USB port<\/li>\n<li>EIA 1U rack mount size<\/li>\n<li>RoHS-compliant product<\/li>\n<\/ul>\n<p><iframe data-src=\"https:\/\/www.youtube.com\/embed\/761QaWKYxbs\" width=\"425\" height=\"350\" data-mce-fragment=\"1\" src=\"data:image\/svg+xml;base64,PHN2ZyB3aWR0aD0iMSIgaGVpZ2h0PSIxIiB4bWxucz0iaHR0cDovL3d3dy53My5vcmcvMjAwMC9zdmciPjwvc3ZnPg==\" class=\"lazyload\" data-load-mode=\"1\"><\/iframe><\/p>\n<\/div>\n<div id=\"Specifications\" class=\"txt_info_view_product\">\n<h2>SPECIFICATIONS<\/h2>\n<table class=\"table table-bordered table-striped spec_table\" border=\"0\">\n<tbody>\n<tr>\n<td><\/td>\n<td>CG-2000<\/td>\n<td>CG-1800<\/td>\n<td>CG-1000<\/td>\n<\/tr>\n<\/tbody>\n<tbody>\n<tr>\n<td class=\"spec_lv0\">Inputs<\/td>\n<td colspan=\"3\"><\/td>\n<\/tr>\n<tr>\n<td class=\"spec_lv1\">VIDEO INPUTS<\/td>\n<td colspan=\"3\"><\/td>\n<\/tr>\n<tr>\n<td class=\"spec_lv2\">Connector<\/td>\n<td>BNC \u00d7 2 (A\/B)<\/td>\n<td>BNC<\/td>\n<td>\u2013<\/td>\n<\/tr>\n<tr>\n<td class=\"spec_lv2\">Input level<\/td>\n<td colspan=\"2\">0.5Vp-p to 2.0Vp-p<\/td>\n<td>\u2013<\/td>\n<\/tr>\n<tr>\n<td class=\"spec_lv2\">Input impedance<\/td>\n<td colspan=\"2\">75\u03a9 (ON\/OFF selectable by menu)<\/td>\n<td>\u2013<\/td>\n<\/tr>\n<tr>\n<td class=\"spec_lv2\">Input signal<\/td>\n<td colspan=\"3\"><\/td>\n<\/tr>\n<tr>\n<td class=\"spec_lv3\">SD video black burst<\/td>\n<td colspan=\"2\">NTSC (29.97), NTSC B\/W (30), PAL (25)<\/td>\n<td>\u2013<\/td>\n<\/tr>\n<tr>\n<td class=\"spec_lv3\">HD video tri-level<\/td>\n<td colspan=\"3\"><\/td>\n<\/tr>\n<tr>\n<td class=\"spec_lv4\">720p<\/td>\n<td colspan=\"2\">50, 59.97, 60<\/td>\n<td>\u2013<\/td>\n<\/tr>\n<tr>\n<td class=\"spec_lv4\">1080p<\/td>\n<td colspan=\"2\">23.976, 24, 25, 29.97, 30, 59.94, 60<\/td>\n<td>\u2013<\/td>\n<\/tr>\n<tr>\n<td class=\"spec_lv4\">1080i\/psf<\/td>\n<td colspan=\"2\">23.976, 24, 25, 29.97, 30<\/td>\n<td>\u2013<\/td>\n<\/tr>\n<tr>\n<td class=\"spec_lv2\">Allowable frequency deviation<\/td>\n<td colspan=\"2\">\u00b110ppm<\/td>\n<td>\u2013<\/td>\n<\/tr>\n<tr>\n<td class=\"spec_lv1\">WORD\/EXT INPUTS<\/td>\n<td colspan=\"3\"><\/td>\n<\/tr>\n<tr>\n<td class=\"spec_lv2\">Connector<\/td>\n<td>BNC \u00d7 2 (A\/B)<\/td>\n<td colspan=\"2\">BNC<\/td>\n<\/tr>\n<tr>\n<td class=\"spec_lv2\">Input level<\/td>\n<td colspan=\"3\">0.5Vp-p to 5.0Vp-p<\/td>\n<\/tr>\n<tr>\n<td class=\"spec_lv2\">Input impedance<\/td>\n<td colspan=\"3\">75\u03a9\/50\u03a9 (75\/50\/OFF selectable by menu)<\/td>\n<\/tr>\n<tr>\n<td class=\"spec_lv2\">Supported frequencies<\/td>\n<td colspan=\"3\"><\/td>\n<\/tr>\n<tr>\n<td class=\"spec_lv3\">WORD CLOCK<\/td>\n<td colspan=\"3\">32k \/ 44.1k \/ 48k \/ 88.2k \/ 96k \/ 176.4k \/ 192k Hz<\/td>\n<\/tr>\n<tr>\n<td class=\"spec_lv3\">ATOM<\/td>\n<td colspan=\"3\">10.0MHz<\/td>\n<\/tr>\n<tr>\n<td class=\"spec_lv3\">GPS<\/td>\n<td colspan=\"3\">10.0MHz<\/td>\n<\/tr>\n<tr>\n<td class=\"spec_lv2\">Allowable frequency deviation<\/td>\n<td colspan=\"3\">\u00b150ppm<\/td>\n<\/tr>\n<tr>\n<td class=\"spec_lv1\">AES3\/11 INPUT<\/td>\n<td colspan=\"3\"><\/td>\n<\/tr>\n<tr>\n<td class=\"spec_lv2\">Connector<\/td>\n<td colspan=\"3\">XLR-3-31(1: GND, 2: HOT, 3: COLD)<\/td>\n<\/tr>\n<tr>\n<td class=\"spec_lv2\">Input level<\/td>\n<td colspan=\"3\">0.2Vp-p to 10Vp-p<\/td>\n<\/tr>\n<tr>\n<td class=\"spec_lv2\">Input impedance<\/td>\n<td colspan=\"3\">110\u03a9<\/td>\n<\/tr>\n<tr>\n<td class=\"spec_lv2\">Format<\/td>\n<td colspan=\"3\">AES11-2003, AES3-2003, IEC60958-4<\/td>\n<\/tr>\n<tr>\n<td class=\"spec_lv2\">Supported frequencies<\/td>\n<td colspan=\"3\">32k \/ 44.1k \/ 48k \/ 88.2k \/ 96k \/ 76.4k \/ 92k Hz<\/td>\n<\/tr>\n<tr>\n<td class=\"spec_lv2\">Allowable frequency deviation<\/td>\n<td colspan=\"3\">\u00b150ppm<\/td>\n<\/tr>\n<tr>\n<td class=\"spec_lv1\">CALIBLATION INPUT<\/td>\n<td colspan=\"3\"><\/td>\n<\/tr>\n<tr>\n<td class=\"spec_lv2\">Connector<\/td>\n<td colspan=\"3\">BNC<\/td>\n<\/tr>\n<tr>\n<td class=\"spec_lv2\">Input level<\/td>\n<td colspan=\"3\">0.5 to 5.0 Vp-p<\/td>\n<\/tr>\n<tr>\n<td class=\"spec_lv2\">Input impedance<\/td>\n<td colspan=\"3\">50\u03a9 (ON\/OFF selectable by menu)<\/td>\n<\/tr>\n<tr>\n<td class=\"spec_lv2\">Supported frequencies<\/td>\n<td colspan=\"3\"><\/td>\n<\/tr>\n<tr>\n<td class=\"spec_lv3\">ATOM<\/td>\n<td colspan=\"3\">10.0MHz<\/td>\n<\/tr>\n<tr>\n<td class=\"spec_lv3\">GPS<\/td>\n<td colspan=\"3\">10.0MHz, PPS<\/td>\n<\/tr>\n<tr>\n<td class=\"spec_lv0\">Outputs<\/td>\n<td colspan=\"3\"><\/td>\n<\/tr>\n<tr>\n<td class=\"spec_lv1\">VIDEO OUTPUTS<\/td>\n<td colspan=\"3\"><\/td>\n<\/tr>\n<tr>\n<td class=\"spec_lv2\">Connector<\/td>\n<td colspan=\"2\">BNC \u00d7 4 (1-4)<\/td>\n<td>\u2013<\/td>\n<\/tr>\n<tr>\n<td class=\"spec_lv2\">Output impedance<\/td>\n<td colspan=\"2\">75\u03a9<\/td>\n<td>\u2013<\/td>\n<\/tr>\n<tr>\n<td class=\"spec_lv2\">Output signal<\/td>\n<td colspan=\"3\"><\/td>\n<\/tr>\n<tr>\n<td class=\"spec_lv3\">SD video black burst<\/td>\n<td colspan=\"2\">NTSC (29.97), NTSC B\/W (30), PAL (25)<\/td>\n<td>\u2013<\/td>\n<\/tr>\n<tr>\n<td class=\"spec_lv3\">HD video tri-level<\/td>\n<td colspan=\"3\"><\/td>\n<\/tr>\n<tr>\n<td class=\"spec_lv4\">720p<\/td>\n<td colspan=\"2\">50, 59.97, 60<\/td>\n<td>\u2013<\/td>\n<\/tr>\n<tr>\n<td class=\"spec_lv4\">1080p<\/td>\n<td colspan=\"2\">23.976, 24, 25, 29.97, 30, 50, 59.94, 60<\/td>\n<td>\u2013<\/td>\n<\/tr>\n<tr>\n<td class=\"spec_lv4\">1080i\/psf<\/td>\n<td colspan=\"2\">23.976, 24, 25, 29.97, 30<\/td>\n<td>\u2013<\/td>\n<\/tr>\n<tr>\n<td class=\"spec_lv1\">WORD OUTPUTS<\/td>\n<td colspan=\"3\"><\/td>\n<\/tr>\n<tr>\n<td class=\"spec_lv2\">Connector<\/td>\n<td colspan=\"3\">BNC \u00d7 12 (1-12)<\/td>\n<\/tr>\n<tr>\n<td class=\"spec_lv2\">Output level<\/td>\n<td colspan=\"3\">1.0Vp-p to 3.5Vp-p (adjustable in 0.5V steps by menu)<\/td>\n<\/tr>\n<tr>\n<td class=\"spec_lv2\">Output impedance<\/td>\n<td colspan=\"3\">75\u03a9<\/td>\n<\/tr>\n<tr>\n<td class=\"spec_lv2\">Supported frequencies<\/td>\n<td colspan=\"3\">32k \/ 44.1k \/ 48k \/ 88.2k \/ 96k \/ 176.4k \/ 192k Hz\u00bc\u00d7Fs, \u00bd\u00d7Fs, 1\u00d7Fs, 2\u00d7Fs, 4\u00d7Fs, 256\u00d7Fs (Only OUTPUTS 11-12)<\/td>\n<\/tr>\n<tr>\n<td class=\"spec_lv1\">AES3\/11 OUTPUTS<\/td>\n<td colspan=\"3\"><\/td>\n<\/tr>\n<tr>\n<td class=\"spec_lv2\">Connector<\/td>\n<td colspan=\"3\">XLR-3-31 (1: GND, 2: HOT, 3: COLD) \u00d7 2 (1-2)<\/td>\n<\/tr>\n<tr>\n<td class=\"spec_lv2\">Output level<\/td>\n<td colspan=\"3\">2.5Vp-p<\/td>\n<\/tr>\n<tr>\n<td class=\"spec_lv2\">Output impedance<\/td>\n<td colspan=\"3\">110\u03a9<\/td>\n<\/tr>\n<tr>\n<td class=\"spec_lv2\">Format<\/td>\n<td colspan=\"3\">AES11-2003, AES3-2003, IEC60958-4<\/td>\n<\/tr>\n<tr>\n<td class=\"spec_lv2\">Supported frequencies<\/td>\n<td colspan=\"3\">32k \/ 44.1k \/ 48k \/ 88.2k \/ 96k \/ 176.4k \/ 192k Hz<\/td>\n<\/tr>\n<tr>\n<td class=\"spec_lv1\">S\/PDIF OUTPUTS<\/td>\n<td colspan=\"3\"><\/td>\n<\/tr>\n<tr>\n<td class=\"spec_lv2\">Connector<\/td>\n<td colspan=\"3\">RCA Pin jacks \u00d7 2 (1-2)<\/td>\n<\/tr>\n<tr>\n<td class=\"spec_lv2\">Output level<\/td>\n<td colspan=\"3\">0.5Vp-p<\/td>\n<\/tr>\n<tr>\n<td class=\"spec_lv2\">Output impedance<\/td>\n<td colspan=\"3\">75\u03a9<\/td>\n<\/tr>\n<tr>\n<td class=\"spec_lv2\">Format<\/td>\n<td colspan=\"3\">IEC60958-3<\/td>\n<\/tr>\n<tr>\n<td class=\"spec_lv1\">ALARM OUTPUT<\/td>\n<td colspan=\"3\"><\/td>\n<\/tr>\n<tr>\n<td class=\"spec_lv2\">Connector<\/td>\n<td>6-pin Euroblock connector<\/td>\n<td colspan=\"2\">\u2013<\/td>\n<\/tr>\n<tr>\n<td class=\"spec_lv2\">Output level<\/td>\n<td>Open collector<\/td>\n<td colspan=\"2\">\u2013<\/td>\n<\/tr>\n<tr>\n<td class=\"spec_lv2\">Transmission method<\/td>\n<td>Parallel<\/td>\n<td colspan=\"2\">\u2013<\/td>\n<\/tr>\n<tr>\n<td class=\"spec_lv2\">Output impedance<\/td>\n<td>10ohm<\/td>\n<td colspan=\"2\">\u2013<\/td>\n<\/tr>\n<tr>\n<td class=\"spec_lv2\">Withstand voltage<\/td>\n<td>20V<\/td>\n<td colspan=\"2\">\u2013<\/td>\n<\/tr>\n<tr>\n<td class=\"spec_lv2\">Maximum current<\/td>\n<td>35mA<\/td>\n<td colspan=\"2\">\u2013<\/td>\n<\/tr>\n<tr>\n<td class=\"spec_lv0\">USB<\/td>\n<td colspan=\"3\">A data transfer use by a USB flash drive<\/td>\n<\/tr>\n<tr>\n<td class=\"spec_lv2\">Connector<\/td>\n<td colspan=\"3\">USB B-type<\/td>\n<\/tr>\n<tr>\n<td class=\"spec_lv2\">Protocol<\/td>\n<td colspan=\"3\">USB2.0 High Speed (480Mbps)<\/td>\n<\/tr>\n<tr>\n<td class=\"spec_lv2\">Power supply rating<\/td>\n<td colspan=\"3\">DC5.0V, 0.2A<\/td>\n<\/tr>\n<tr>\n<td class=\"spec_lv0\">Internal oscillator performance<\/td>\n<td colspan=\"3\"><\/td>\n<\/tr>\n<tr>\n<td class=\"spec_lv2\">TYPE<\/td>\n<td colspan=\"3\">OCXO<\/td>\n<\/tr>\n<tr>\n<td class=\"spec_lv2\">frequency accuracy<\/td>\n<td colspan=\"3\">\u00b10.01ppm (factory default value)<\/td>\n<\/tr>\n<tr>\n<td class=\"spec_lv2\">frequency stability<\/td>\n<td colspan=\"3\">\u00b10.005ppm \/ day<\/td>\n<\/tr>\n<tr>\n<td class=\"spec_lv0\">Power<\/td>\n<td colspan=\"3\">AC100 &#8211; 240V, 50\/60Hz<\/td>\n<\/tr>\n<tr>\n<td class=\"spec_lv0\">Power consumption<\/td>\n<td>14W<\/td>\n<td>11.5W<\/td>\n<td>10W<\/td>\n<\/tr>\n<tr>\n<td class=\"spec_lv0\">Dimensions (W\u00d7H\u00d7D)<\/td>\n<td colspan=\"3\">19.0%quot; \u00d7 1.77&#8243; \u00d7 12.2&#8243; \/ 483 \u00d7 45 \u00d7 310 mm<\/td>\n<\/tr>\n<tr>\n<td class=\"spec_lv0\">Weight<\/td>\n<td>7.3 lbs. \/ 3.3 kg<\/td>\n<td>7.1 lbs. \/ 3.2 kg<\/td>\n<td>6.8 lbs. \/ 3.1 kg<\/td>\n<\/tr>\n<tr>\n<td class=\"spec_lv0\">Operating temperature range<\/td>\n<td colspan=\"3\">32\u02daF to 104\u02daF \/ 0\u02daC to 40\u02daC<\/td>\n<\/tr>\n<tr>\n<td class=\"spec_lv0\">Included accessories<\/td>\n<td>Power cords \u00d7 2, rackmounting screw kit, operation manual (with warranty)<\/td>\n<td colspan=\"2\">Power cords, rackmounting screw kit, operation manual (with warranty)<\/td>\n<\/tr>\n<\/tbody>\n<\/table>\n<\/div>\n","protected":false},"excerpt":{"rendered":"<p>DESCRIPTION The CG-1000 is a master clock generator based on a high-precision OCXO \u2013 Oven Controlled Crystal Oscillator \u2013 with jitter management and glitch-free relocking for the best clock precision available, ideal for recording studios, sound engineers and musicians &nbsp; The internal clock employs the high-precision OCXO that is not impacted by environment temperature The [&hellip;]<\/p>\n","protected":false},"featured_media":9199,"template":"","meta":[],"product_brand":[173],"product_cat":[21],"product_tag":[],"class_list":{"0":"post-9152","1":"product","2":"type-product","3":"status-publish","4":"has-post-thumbnail","6":"product_brand-tascam","7":"product_cat-all-products","9":"first","10":"instock","11":"shipping-taxable","12":"purchasable","13":"product-type-simple"},"aioseo_notices":[],"_links":{"self":[{"href":"https:\/\/singaporeproaudio.com\/php1\/wp-json\/wp\/v2\/product\/9152","targetHints":{"allow":["GET"]}}],"collection":[{"href":"https:\/\/singaporeproaudio.com\/php1\/wp-json\/wp\/v2\/product"}],"about":[{"href":"https:\/\/singaporeproaudio.com\/php1\/wp-json\/wp\/v2\/types\/product"}],"wp:featuredmedia":[{"embeddable":true,"href":"https:\/\/singaporeproaudio.com\/php1\/wp-json\/wp\/v2\/media\/9199"}],"wp:attachment":[{"href":"https:\/\/singaporeproaudio.com\/php1\/wp-json\/wp\/v2\/media?parent=9152"}],"wp:term":[{"taxonomy":"product_brand","embeddable":true,"href":"https:\/\/singaporeproaudio.com\/php1\/wp-json\/wp\/v2\/product_brand?post=9152"},{"taxonomy":"product_cat","embeddable":true,"href":"https:\/\/singaporeproaudio.com\/php1\/wp-json\/wp\/v2\/product_cat?post=9152"},{"taxonomy":"product_tag","embeddable":true,"href":"https:\/\/singaporeproaudio.com\/php1\/wp-json\/wp\/v2\/product_tag?post=9152"}],"curies":[{"name":"wp","href":"https:\/\/api.w.org\/{rel}","templated":true}]}}